{"id":916,"date":"2026-01-07T20:03:15","date_gmt":"2026-01-07T20:03:15","guid":{"rendered":"https:\/\/elektro-hasch.de\/?page_id=916"},"modified":"2026-01-08T13:50:03","modified_gmt":"2026-01-08T13:50:03","slug":"impressum","status":"publish","type":"page","link":"https:\/\/elektro-hasch.de\/index.php\/impressum\/","title":{"rendered":"Impressum"},"content":{"rendered":"\t\t<div data-elementor-type=\"wp-page\" data-elementor-id=\"916\" class=\"elementor elementor-916\">\n\t\t\t\t<div class=\"elementor-element elementor-element-51c3f3e e-flex e-con-boxed e-con e-parent\" data-id=\"51c3f3e\" data-element_type=\"container\">\n\t\t\t\t\t<div class=\"e-con-inner\">\n\t\t\t\t<div class=\"elementor-element elementor-element-33dc351 elementor-widget elementor-widget-html\" data-id=\"33dc351\" data-element_type=\"widget\" data-widget_type=\"html.default\">\n\t\t\t\t\t<h1>Impressum<\/h1>\n\nAngaben gem\u00e4\u00df \u00a7 5 TMG: Die Impressumspflicht dient dem Schutz der Nutzerrechte, erm\u00f6glicht ihnen eine einfache Kontaktaufnahme und rechtliche Verfolgung von Anspr\u00fcchen gegen\u00fcber dem Diensteanbieter.<br><\/vr>\n<br>\n<p>Josef Hasch<br \/>\nElektro Hasch Meisterbetrieb<br \/>\nWolfratshauser Str. 21<br \/>\n83544 Egling<\/p>\n\n<h2>Kontakt<\/h2>\n<p>Telefon: 08176 92255<br \/>\nE-Mail: info@elektro-hasch.de<\/p>\n\n<h2>Umsatzsteuer-ID<\/h2>\n<p>Umsatzsteuer-Identifikationsnummer gem&auml;&szlig; &sect; 27 a Umsatzsteuergesetz:<br \/>\nUstID:  DE230711190<\/p>\n\n<h2>Berufsbezeichnung und berufsrechtliche Regelungen<\/h2>\n<p>Berufsbezeichnung:<br \/>\nElektro Meister<\/p>\n<p>Zust&auml;ndige Kammer:<br \/>\nIHK f&uuml;r M&uuml;nchen und Oberbayern<br \/>\nMax-Joseph-Stra&szlig;e 2<br \/>\n80333 M&uuml;nchen<\/p>\n<p>Verliehen in:<br \/>\nDeutschland<\/p>\n<h2>Verbraucher&shy;streit&shy;beilegung\/Universal&shy;schlichtungs&shy;stelle<\/h2>\n<p>Wir sind nicht bereit oder verpflichtet, an Streitbeilegungsverfahren vor einer Verbraucherschlichtungsstelle teilzunehmen.<\/p>\n\n<p>Quelle: <a href=\"https:\/\/www.e-recht24.de\">e-recht24.de<\/a><\/p>\n\t\t\t\t<\/div>\n\t\t\t\t\t<\/div>\n\t\t\t\t<\/div>\n\t\t\t\t<\/div>\n\t\t","protected":false},"excerpt":{"rendered":"<p>Impressum Angaben gem\u00e4\u00df \u00a7 5 TMG: Die Impressumspflicht dient dem Schutz der Nutzerrechte, erm\u00f6glicht ihnen eine einfache Kontaktaufnahme und rechtliche Verfolgung von Anspr\u00fcchen gegen\u00fcber dem Diensteanbieter. Josef Hasch Elektro Hasch &#8230;<\/p>\n","protected":false},"author":1,"featured_media":0,"parent":0,"menu_order":0,"comment_status":"closed","ping_status":"closed","template":"elementor_header_footer","meta":{"footnotes":""},"class_list":["post-916","page","type-page","status-publish","hentry"],"jetpack_sharing_enabled":true,"_links":{"self":[{"href":"https:\/\/elektro-hasch.de\/index.php\/wp-json\/wp\/v2\/pages\/916","targetHints":{"allow":["GET"]}}],"collection":[{"href":"https:\/\/elektro-hasch.de\/index.php\/wp-json\/wp\/v2\/pages"}],"about":[{"href":"https:\/\/elektro-hasch.de\/index.php\/wp-json\/wp\/v2\/types\/page"}],"author":[{"embeddable":true,"href":"https:\/\/elektro-hasch.de\/index.php\/wp-json\/wp\/v2\/users\/1"}],"replies":[{"embeddable":true,"href":"https:\/\/elektro-hasch.de\/index.php\/wp-json\/wp\/v2\/comments?post=916"}],"version-history":[{"count":14,"href":"https:\/\/elektro-hasch.de\/index.php\/wp-json\/wp\/v2\/pages\/916\/revisions"}],"predecessor-version":[{"id":999,"href":"https:\/\/elektro-hasch.de\/index.php\/wp-json\/wp\/v2\/pages\/916\/revisions\/999"}],"wp:attachment":[{"href":"https:\/\/elektro-hasch.de\/index.php\/wp-json\/wp\/v2\/media?parent=916"}],"curies":[{"name":"wp","href":"https:\/\/api.w.org\/{rel}","templated":true}]}}